{"id":188,"date":"2017-05-08T10:56:25","date_gmt":"2017-05-08T13:56:25","guid":{"rendered":"http:\/\/nacao.net\/nucleosdequadrinhos\/?page_id=188"},"modified":"2018-01-14T12:57:42","modified_gmt":"2018-01-14T15:57:42","slug":"arevista","status":"publish","type":"page","link":"https:\/\/nacao.net\/nucleosdequadrinhos\/arevista\/","title":{"rendered":"Revista"},"content":{"rendered":"<p>Revista<br \/>\nN\u00facleo de Quadrinhos Na\u00e7\u00e3o HQ<br \/>\n200 p\u00e1ginas<br \/>\n21&#215;15 cm<br \/>\nCapa: 4&#215;4 &#8211; supremo 250g<br \/>\nMiolo: PeB -off set 90g<\/p>\n<p>ISBN: 978-85-93562-00-6<\/p>\n<p><a href=\"http:\/\/nacao.net\/nucleosdequadrinhos\/revista\/revista-nacao-hq-digital.pdf\">Download PDF<\/a><\/p>\n<p><img loading=\"lazy\" decoding=\"async\" class=\"alignnone size-full wp-image-202\" src=\"http:\/\/nacao.net\/nucleosdequadrinhos\/wp-content\/uploads\/2017\/05\/capa-revista-nacao-hq.jpg\" alt=\"\" width=\"800\" height=\"543\" srcset=\"https:\/\/nacao.net\/nucleosdequadrinhos\/wp-content\/uploads\/2017\/05\/capa-revista-nacao-hq.jpg 800w, https:\/\/nacao.net\/nucleosdequadrinhos\/wp-content\/uploads\/2017\/05\/capa-revista-nacao-hq-300x204.jpg 300w, https:\/\/nacao.net\/nucleosdequadrinhos\/wp-content\/uploads\/2017\/05\/capa-revista-nacao-hq-768x521.jpg 768w\" sizes=\"auto, (max-width: 800px) 100vw, 800px\" \/><\/p>\n","protected":false},"excerpt":{"rendered":"<p>Revista N\u00facleo de Quadrinhos Na\u00e7\u00e3o HQ 200 p\u00e1ginas 21&#215;15 cm Capa: 4&#215;4 &#8211; supremo 250g Miolo: PeB -off set 90g ISBN: 978-85-93562-00-6 Download PDF<\/p>\n","protected":false},"author":1,"featured_media":0,"parent":0,"menu_order":0,"comment_status":"closed","ping_status":"closed","template":"","meta":{"footnotes":""},"class_list":["post-188","page","type-page","status-publish","hentry"],"_links":{"self":[{"href":"https:\/\/nacao.net\/nucleosdequadrinhos\/wp-json\/wp\/v2\/pages\/188","targetHints":{"allow":["GET"]}}],"collection":[{"href":"https:\/\/nacao.net\/nucleosdequadrinhos\/wp-json\/wp\/v2\/pages"}],"about":[{"href":"https:\/\/nacao.net\/nucleosdequadrinhos\/wp-json\/wp\/v2\/types\/page"}],"author":[{"embeddable":true,"href":"https:\/\/nacao.net\/nucleosdequadrinhos\/wp-json\/wp\/v2\/users\/1"}],"replies":[{"embeddable":true,"href":"https:\/\/nacao.net\/nucleosdequadrinhos\/wp-json\/wp\/v2\/comments?post=188"}],"version-history":[{"count":6,"href":"https:\/\/nacao.net\/nucleosdequadrinhos\/wp-json\/wp\/v2\/pages\/188\/revisions"}],"predecessor-version":[{"id":566,"href":"https:\/\/nacao.net\/nucleosdequadrinhos\/wp-json\/wp\/v2\/pages\/188\/revisions\/566"}],"wp:attachment":[{"href":"https:\/\/nacao.net\/nucleosdequadrinhos\/wp-json\/wp\/v2\/media?parent=188"}],"curies":[{"name":"wp","href":"https:\/\/api.w.org\/{rel}","templated":true}]}}