{"id":186,"date":"2017-05-08T10:56:00","date_gmt":"2017-05-08T13:56:00","guid":{"rendered":"http:\/\/nacao.net\/nucleosdequadrinhos\/?page_id=186"},"modified":"2017-07-01T15:41:04","modified_gmt":"2017-07-01T18:41:04","slug":"imprensa","status":"publish","type":"page","link":"https:\/\/nacao.net\/nucleosdequadrinhos\/imprensa\/","title":{"rendered":"Release e Download"},"content":{"rendered":"<p><a href=\"http:\/\/nacao.net\/nucleosdequadrinhos\/revista\/revista-nacao-hq-digital.pdf\" target=\"_blank\" rel=\"noopener\">Download Revista N\u00facleos de Quadrinhos Na\u00e7\u00e3o HQ | formato .pdf\u00a0<\/a><\/p>\n<p><a href=\"http:\/\/nacao.net\/nucleosdequadrinhos\/revista\/capa-revista-nacao-hq-net.pdf\" target=\"_blank\" rel=\"noopener\">Download Capa da Revista | formato .pdf\u00a0<\/a><\/p>\n<p><a href=\"http:\/\/nacao.net\/nucleosdequadrinhos\/revista\/capa-revista-nacao-hq-net.jpg\" target=\"_blank\" rel=\"noopener noreferrer\">Ilusta\u00e7\u00e3o capa &#8211; Cr\u00e9dito Marcela Werkema (jpg)<\/a><\/p>\n<p>&nbsp;<\/p>\n<p>Convite Lan\u00e7amento<\/p>\n<p><img loading=\"lazy\" decoding=\"async\" class=\"alignnone size-full wp-image-299\" src=\"http:\/\/nacao.net\/nucleosdequadrinhos\/wp-content\/uploads\/2017\/05\/ConviteNucleo-nacaoHQ.jpg\" alt=\"\" width=\"600\" height=\"1009\" srcset=\"https:\/\/nacao.net\/nucleosdequadrinhos\/wp-content\/uploads\/2017\/05\/ConviteNucleo-nacaoHQ.jpg 600w, https:\/\/nacao.net\/nucleosdequadrinhos\/wp-content\/uploads\/2017\/05\/ConviteNucleo-nacaoHQ-178x300.jpg 178w\" sizes=\"auto, (max-width: 600px) 100vw, 600px\" \/><\/p>\n<hr \/>\n<p>Release<\/p>\n<p lang=\"en-US\" align=\"CENTER\"><span style=\"color: #000000;\"><span style=\"font-family: Arial, sans-serif;\"><span style=\"font-size: medium;\"><b>LAN\u00c7AMENTO DA REVISTA: <\/b><\/span><\/span><\/span><\/p>\n<p lang=\"en-US\" align=\"CENTER\"><span style=\"color: #000000;\"><span style=\"font-family: Arial, sans-serif;\"><span style=\"font-size: large;\">N\u00daCLEOS DE QUADRINHOS NA\u00c7\u00c3O HQ <\/span><\/span><\/span><\/p>\n<p lang=\"en-US\" align=\"CENTER\"><span style=\"color: #000000;\"><span style=\"font-family: Arial, sans-serif;\"><span style=\"font-size: medium;\"><span style=\"font-size: large;\"><span lang=\"en-US\">EXTRAPOLANDO AS CONVEN\u00c7\u00d5ES<\/span><\/span><\/span><\/span><\/span><\/p>\n<p lang=\"pt-BR\" align=\"JUSTIFY\">Parece interessante que mais cotidianos e experi\u00eancias de vida possam ser retratadas nas hist\u00f3rias em quadrinhos, n\u00e3o \u00e9? Em busca de pessoas que nos brindem com suas narrativas, os N\u00daCLEOS DE QUADRINHOS NA\u00c7\u00c3O HQ foram idealizados e o resultado est\u00e1 no lan\u00e7amento da revista EXTRAPOLANDO AS CONVEN\u00c7\u00d5ES, dia 27 de maio, \u00e0s 15 horas, no Ateli\u00ea 50, bairro Lourdes &#8211; Belo Horizonte\/MG.<\/p>\n<p lang=\"pt-BR\" align=\"JUSTIFY\">As aulas dos n\u00facleos aconteceram no segundo semestre de 2016 na Escola Municipal Gracy Vianna Lage, em parceria com o Centro Cultural de Venda Nova; no Centro de Refer\u00eancia da Cultura Popular e Tradicional Lagoa do Nado, em parceria com a Escola Municipal L\u00eddia Ang\u00e9lica; e no Centro Cultural Padre Eust\u00e1quio.<\/p>\n<p lang=\"pt-BR\" align=\"JUSTIFY\">Durante o projeto, os 21 alunos tiveram suas primeiras experi\u00eancias na cria\u00e7\u00e3o de uma revista. Todo o desenvolvimento do curso foi pensado para promover a habilidade para trabalhar em equipe com o objetivo de produzir uma publica\u00e7\u00e3o reunindo as hist\u00f3rias dos tr\u00eas n\u00facleos. O projeto estimula a forma\u00e7\u00e3o de grupos capazes de manter a pr\u00f3pria produ\u00e7\u00e3o independente. Nesse sentido, cada aluno receber\u00e1 50 exemplares da edi\u00e7\u00e3o para, se desejar, comercializar e financiar seu pr\u00f3prio fanzine, iniciando um ciclo de autonomia art\u00edstica.<\/p>\n<p lang=\"pt-BR\" align=\"JUSTIFY\">Al\u00e9m do lan\u00e7amento da revista, uma s\u00e9rie de oficinas de quadrinhos acontecer\u00e3o entre os meses de maio e agosto em sete centros culturais da cidade. Toda a programa\u00e7\u00e3o \u00e9 gratuita.<\/p>\n<p lang=\"en-US\" align=\"JUSTIFY\"><span lang=\"pt-BR\">Os N\u00facleos de Quadrinhos Na\u00e7\u00e3o HQ s\u00e3o realizados com recursos da Lei Municipal de Incentivo \u00e0 Cultura de Belo Horizonte. Funda\u00e7\u00e3o Municipal de Cultura<\/span><span lang=\"pt-BR\">. <\/span><\/p>\n<p lang=\"pt-BR\" align=\"JUSTIFY\">NA\u00c7\u00c3O HQ<\/p>\n<p lang=\"en-US\" align=\"LEFT\"><span lang=\"pt-BR\">Coletivo composto por apaixonados por quadrinhos, realizou a primeira atividade que trazia o nome do grupo, em 1998, com a grava\u00e7\u00e3o do Document\u00e1rio Na\u00e7\u00e3o HQ, na Feira Nacional de Quadrinhos. Ap\u00f3s v\u00e1rios festivais, eventos e lan\u00e7amentos de revistas, criou, em 2004, a Associa\u00e7\u00e3o Cultural Na\u00e7\u00e3o HQ que realiza a\u00e7\u00f5es culturais para a valoriza\u00e7\u00e3o das hist\u00f3rias em quadrinhos. Nos \u00faltimos anos, a Na\u00e7\u00e3o HQ tem se dedicado a projetos de forma\u00e7\u00e3o de p\u00fablico, trabalhando em espa\u00e7os como escolas e centros culturais.<\/span><\/p>\n<p lang=\"en-US\" align=\"LEFT\"><span lang=\"pt-BR\">Servi\u00e7o<\/span><\/p>\n<p lang=\"en-US\" align=\"LEFT\"><strong>Lan\u00e7amento da revista<\/strong><\/p>\n<p lang=\"en-US\" align=\"LEFT\">27 de maio de 2017 &#8211; s\u00e1bado &#8211; das 15 \u00e0s 17 horas<br \/>\nAteli\u00ea 50 &#8211; Rua Aimor\u00e9s, 1743 &#8211; Bairro Lourdes &#8211; Belo Horizonte\/MG<br \/>\n<em>As 100 primeiras pessoas receber\u00e3o um exemplar da revista<\/em><br \/>\nRevista: 200 p\u00e1ginas &#8211; Formato: 15&#215;21 cm<br \/>\n<span lang=\"en-US\">Capa colorida. Miolo P&amp;B &#8211; ISBN: 978-85- 93562-00- 6<\/span><\/p>\n<table border=\"1\" width=\"625\" cellspacing=\"0\" cellpadding=\"5\">\n<colgroup>\n<col width=\"335\" \/>\n<col width=\"102\" \/>\n<col width=\"81\" \/>\n<col width=\"64\" \/> <\/colgroup>\n<tbody>\n<tr>\n<td colspan=\"4\" bgcolor=\"#000000\" width=\"613\" height=\"14\">\n<p lang=\"en-US\" align=\"CENTER\">PROGRAMA\u00c7\u00c3O DE OFICINAS<\/p>\n<\/td>\n<\/tr>\n<tr>\n<td bgcolor=\"#808080\" width=\"335\">\n<p lang=\"en-US\" align=\"LEFT\">Local<\/p>\n<\/td>\n<td colspan=\"2\" bgcolor=\"#808080\" width=\"193\">\n<p lang=\"en-US\" align=\"CENTER\">Data<\/p>\n<\/td>\n<td bgcolor=\"#808080\" width=\"64\">\n<p lang=\"en-US\" align=\"CENTER\">Hor\u00e1rio<\/p>\n<\/td>\n<\/tr>\n<tr>\n<td width=\"335\" height=\"22\">\n<p lang=\"en-US\" align=\"LEFT\">Centro Cultural Padre Eust\u00e1quio<\/p>\n<\/td>\n<td width=\"102\">\n<p lang=\"en-US\" align=\"CENTER\">13\/maio<\/p>\n<\/td>\n<td width=\"81\">\n<p lang=\"en-US\" align=\"CENTER\">S\u00e1bado<\/p>\n<\/td>\n<td width=\"64\">\n<p lang=\"en-US\" align=\"CENTER\">10h<\/p>\n<\/td>\n<\/tr>\n<tr>\n<td bgcolor=\"#e6e6e6\" width=\"335\" height=\"15\">\n<p lang=\"en-US\" align=\"LEFT\">E.M. Gracy Vianna Lage*<\/p>\n<\/td>\n<td bgcolor=\"#e6e6e6\" width=\"102\">\n<p lang=\"en-US\" align=\"CENTER\">19\/maio<\/p>\n<\/td>\n<td bgcolor=\"#e6e6e6\" width=\"81\">\n<p lang=\"en-US\" align=\"CENTER\">Sexta<\/p>\n<\/td>\n<td bgcolor=\"#e6e6e6\" width=\"64\">\n<p lang=\"en-US\" align=\"CENTER\">16h20<\/p>\n<\/td>\n<\/tr>\n<tr>\n<td width=\"335\" height=\"16\">\n<p lang=\"en-US\" align=\"LEFT\">E.M. L\u00eddia Ang\u00e9lica*<\/p>\n<\/td>\n<td width=\"102\">\n<p lang=\"en-US\" align=\"CENTER\">20\/maio<\/p>\n<\/td>\n<td width=\"81\">\n<p lang=\"en-US\" align=\"CENTER\">S\u00e1bado<\/p>\n<\/td>\n<td width=\"64\">\n<p lang=\"en-US\" align=\"CENTER\">9h<\/p>\n<\/td>\n<\/tr>\n<tr>\n<td bgcolor=\"#e6e6e6\" width=\"335\" height=\"38\">\n<p lang=\"en-US\" align=\"LEFT\">Centro de Refer\u00eancia da Cultura<\/p>\n<p lang=\"en-US\" align=\"LEFT\">Popular e Tradicional Lagoa do Nado<\/p>\n<\/td>\n<td bgcolor=\"#e6e6e6\" width=\"102\">\n<p lang=\"en-US\" align=\"CENTER\">21\/maio<\/p>\n<\/td>\n<td bgcolor=\"#e6e6e6\" width=\"81\">\n<p lang=\"en-US\" align=\"CENTER\">Domingo<\/p>\n<\/td>\n<td bgcolor=\"#e6e6e6\" width=\"64\">\n<p lang=\"en-US\" align=\"CENTER\">10h<\/p>\n<\/td>\n<\/tr>\n<tr>\n<td width=\"335\" height=\"16\">\n<p lang=\"en-US\" align=\"LEFT\">Centro Cultural Venda Nova<\/p>\n<\/td>\n<td width=\"102\">\n<p lang=\"en-US\" align=\"CENTER\">24\/maio<\/p>\n<\/td>\n<td width=\"81\">\n<p lang=\"en-US\" align=\"CENTER\">Quarta<\/p>\n<\/td>\n<td width=\"64\">\n<p lang=\"en-US\" align=\"CENTER\">14h<\/p>\n<\/td>\n<\/tr>\n<tr>\n<td bgcolor=\"#e6e6e6\" width=\"335\" height=\"22\">\n<p lang=\"en-US\" align=\"LEFT\">Centro Cultural Padre Eust\u00e1quio<\/p>\n<\/td>\n<td bgcolor=\"#e6e6e6\" width=\"102\">\n<p lang=\"en-US\" align=\"CENTER\">03\/junho<\/p>\n<\/td>\n<td bgcolor=\"#e6e6e6\" width=\"81\">\n<p lang=\"en-US\" align=\"CENTER\">S\u00e1bado<\/p>\n<\/td>\n<td bgcolor=\"#e6e6e6\" width=\"64\">\n<p lang=\"en-US\" align=\"CENTER\">10h<\/p>\n<\/td>\n<\/tr>\n<tr>\n<td width=\"335\" height=\"38\">\n<p lang=\"en-US\" align=\"LEFT\">Centro de Refer\u00eancia da Cultura<\/p>\n<p lang=\"en-US\" align=\"LEFT\">Popular e Tradicional Lagoa do Nado<\/p>\n<\/td>\n<td width=\"102\">\n<p lang=\"en-US\" align=\"CENTER\">10\/junho<\/p>\n<\/td>\n<td width=\"81\">\n<p lang=\"en-US\" align=\"CENTER\">S\u00e1bado<\/p>\n<\/td>\n<td width=\"64\">\n<p lang=\"en-US\" align=\"CENTER\">10h<\/p>\n<\/td>\n<\/tr>\n<tr>\n<td bgcolor=\"#e6e6e6\" width=\"335\" height=\"17\">\n<p lang=\"en-US\" align=\"LEFT\">Centro Cultural Venda Nova<\/p>\n<\/td>\n<td bgcolor=\"#e6e6e6\" width=\"102\">\n<p lang=\"en-US\" align=\"CENTER\">24\/junho<\/p>\n<\/td>\n<td bgcolor=\"#e6e6e6\" width=\"81\">\n<p lang=\"en-US\" align=\"CENTER\">S\u00e1bado<\/p>\n<\/td>\n<td bgcolor=\"#e6e6e6\" width=\"64\">\n<p lang=\"en-US\" align=\"CENTER\">10h<\/p>\n<\/td>\n<\/tr>\n<tr>\n<td width=\"335\" height=\"21\">\n<p lang=\"en-US\" align=\"LEFT\">Centro Cultural Padre Eust\u00e1quio<\/p>\n<\/td>\n<td width=\"102\">\n<p lang=\"en-US\" align=\"CENTER\">01\/julho<\/p>\n<\/td>\n<td width=\"81\">\n<p lang=\"en-US\" align=\"CENTER\">S\u00e1bado<\/p>\n<\/td>\n<td width=\"64\">\n<p lang=\"en-US\" align=\"CENTER\">10h<\/p>\n<\/td>\n<\/tr>\n<tr>\n<td bgcolor=\"#e6e6e6\" width=\"335\" height=\"17\">\n<p lang=\"en-US\" align=\"LEFT\">Centro Cultural Pampulha<\/p>\n<\/td>\n<td bgcolor=\"#e6e6e6\" width=\"102\">\n<p lang=\"en-US\" align=\"CENTER\">15\/julho<\/p>\n<\/td>\n<td bgcolor=\"#e6e6e6\" width=\"81\">\n<p lang=\"en-US\" align=\"CENTER\">S\u00e1bado<\/p>\n<\/td>\n<td bgcolor=\"#e6e6e6\" width=\"64\">\n<p lang=\"en-US\" align=\"CENTER\">9h<\/p>\n<\/td>\n<\/tr>\n<tr>\n<td width=\"335\" height=\"21\">\n<p lang=\"en-US\" align=\"LEFT\">Centro Cultural Nordeste &#8211;<\/p>\n<p lang=\"en-US\" align=\"LEFT\">Usina da Cultura<\/p>\n<\/td>\n<td width=\"102\">\n<p lang=\"en-US\" align=\"CENTER\">05\/agosto<\/p>\n<\/td>\n<td width=\"81\">\n<p lang=\"en-US\" align=\"CENTER\">S\u00e1bado<\/p>\n<\/td>\n<td width=\"64\">\n<p lang=\"en-US\" align=\"CENTER\">9h<\/p>\n<\/td>\n<\/tr>\n<tr>\n<td bgcolor=\"#e6e6e6\" width=\"335\" height=\"28\">\n<p lang=\"en-US\" align=\"LEFT\">Centro Cultural Vila F\u00e1tima<\/p>\n<\/td>\n<td bgcolor=\"#e6e6e6\" width=\"102\">\n<p lang=\"en-US\" align=\"CENTER\">19\/agosto<\/p>\n<\/td>\n<td bgcolor=\"#e6e6e6\" width=\"81\">\n<p lang=\"en-US\" align=\"CENTER\">S\u00e1bado<\/p>\n<\/td>\n<td bgcolor=\"#e6e6e6\" width=\"64\">\n<p lang=\"en-US\" align=\"CENTER\">13h<\/p>\n<\/td>\n<\/tr>\n<tr>\n<td width=\"335\" height=\"17\">\n<p lang=\"en-US\" align=\"LEFT\">Centro Cultural Salgado Filho<\/p>\n<\/td>\n<td width=\"102\">\n<p lang=\"en-US\" align=\"CENTER\">26\/agosto<\/p>\n<\/td>\n<td width=\"81\">\n<p lang=\"en-US\" align=\"CENTER\">S\u00e1bado<\/p>\n<\/td>\n<td width=\"64\">\n<p lang=\"en-US\" align=\"CENTER\">14h<\/p>\n<\/td>\n<\/tr>\n<\/tbody>\n<\/table>\n<p lang=\"en-US\" align=\"LEFT\"><span lang=\"en-US\">Toda a programa\u00e7\u00e3o \u00e9 gratuita.<br \/>\n<\/span><span lang=\"en-US\">*Programa\u00e7\u00e3o restrita aos alunos da escola<\/span><\/p>\n<p lang=\"en-US\" align=\"LEFT\">Informa\u00e7\u00f5es:<br \/>\nwww.nacao.net\/nucleosdequadrinhos<br \/>\ncontato@quadrinho.com<\/p>\n","protected":false},"excerpt":{"rendered":"<p>Download Revista N\u00facleos de Quadrinhos Na\u00e7\u00e3o HQ | formato .pdf\u00a0 Download Capa da Revista | formato .pdf\u00a0 Ilusta\u00e7\u00e3o capa &#8211; Cr\u00e9dito Marcela Werkema (jpg) &nbsp; Convite Lan\u00e7amento Release LAN\u00c7AMENTO DA REVISTA: N\u00daCLEOS DE QUADRINHOS NA\u00c7\u00c3O HQ EXTRAPOLANDO AS CONVEN\u00c7\u00d5ES Parece interessante que mais cotidianos e experi\u00eancias de vida possam ser retratadas nas hist\u00f3rias em quadrinhos, [&hellip;]<\/p>\n","protected":false},"author":1,"featured_media":0,"parent":0,"menu_order":0,"comment_status":"closed","ping_status":"closed","template":"","meta":{"footnotes":""},"class_list":["post-186","page","type-page","status-publish","hentry"],"_links":{"self":[{"href":"https:\/\/nacao.net\/nucleosdequadrinhos\/wp-json\/wp\/v2\/pages\/186","targetHints":{"allow":["GET"]}}],"collection":[{"href":"https:\/\/nacao.net\/nucleosdequadrinhos\/wp-json\/wp\/v2\/pages"}],"about":[{"href":"https:\/\/nacao.net\/nucleosdequadrinhos\/wp-json\/wp\/v2\/types\/page"}],"author":[{"embeddable":true,"href":"https:\/\/nacao.net\/nucleosdequadrinhos\/wp-json\/wp\/v2\/users\/1"}],"replies":[{"embeddable":true,"href":"https:\/\/nacao.net\/nucleosdequadrinhos\/wp-json\/wp\/v2\/comments?post=186"}],"version-history":[{"count":16,"href":"https:\/\/nacao.net\/nucleosdequadrinhos\/wp-json\/wp\/v2\/pages\/186\/revisions"}],"predecessor-version":[{"id":477,"href":"https:\/\/nacao.net\/nucleosdequadrinhos\/wp-json\/wp\/v2\/pages\/186\/revisions\/477"}],"wp:attachment":[{"href":"https:\/\/nacao.net\/nucleosdequadrinhos\/wp-json\/wp\/v2\/media?parent=186"}],"curies":[{"name":"wp","href":"https:\/\/api.w.org\/{rel}","templated":true}]}}