{"id":107,"date":"2017-04-16T15:50:47","date_gmt":"2017-04-16T18:50:47","guid":{"rendered":"http:\/\/nacao.net\/nucleosdequadrinhos\/?page_id=107"},"modified":"2017-05-08T10:23:44","modified_gmt":"2017-05-08T13:23:44","slug":"nacao-hq","status":"publish","type":"page","link":"https:\/\/nacao.net\/nucleosdequadrinhos\/nacao-hq\/","title":{"rendered":"Na\u00e7\u00e3o HQ"},"content":{"rendered":"<p><img loading=\"lazy\" decoding=\"async\" class=\"alignnone size-full wp-image-55\" src=\"http:\/\/nacao.net\/nucleosdequadrinhos\/wp-content\/uploads\/2017\/04\/icon-nacao-1.png\" alt=\"\" width=\"250\" height=\"250\" srcset=\"https:\/\/nacao.net\/nucleosdequadrinhos\/wp-content\/uploads\/2017\/04\/icon-nacao-1.png 250w, https:\/\/nacao.net\/nucleosdequadrinhos\/wp-content\/uploads\/2017\/04\/icon-nacao-1-150x150.png 150w, https:\/\/nacao.net\/nucleosdequadrinhos\/wp-content\/uploads\/2017\/04\/icon-nacao-1-174x174.png 174w\" sizes=\"auto, (max-width: 250px) 100vw, 250px\" \/><\/p>\n<p style=\"text-align: justify;\">A <a href=\"http:\/\/www.nacao.net\">Associa\u00e7\u00e3o Cultural Na\u00e7\u00e3o HQ<\/a> \u00e9 um coletivo composto por apaixonados por quadrinhos.<\/p>\n<p style=\"text-align: justify;\">Al\u00e9m de atuar em publica\u00e7\u00f5es de revistas, entre os nossos objetivos est\u00e3o a pesquisa de temas ligados \u00e0s narrativas gr\u00e1ficas, a promo\u00e7\u00e3o de eventos para a valoriza\u00e7\u00e3o das hist\u00f3rias em quadrinhos e o trabalho para implanta\u00e7\u00e3o de uma pol\u00edtica de preserva\u00e7\u00e3o da mem\u00f3ria dos quadrinhos em Minas Gerais.<\/p>\n<p style=\"text-align: justify;\"><strong>Hist\u00f3rico<\/strong><\/p>\n<p style=\"text-align: justify;\">Em 1991, um grupo de fanzineiros reuniu-se para criar o Mutan\u00f3ides Associados, o primeiro zine digital de BH. Membros dessa iniciativa passaram a colaborar no cen\u00e1rio cultural da cidade. Em 1998, aconteceu a primeira atividade que trazia o nome Na\u00e7\u00e3o HQ, com a grava\u00e7\u00e3o do Document\u00e1rio Na\u00e7\u00e3o HQ, na Feira Nacional de Quadrinhos, evento realizado no Shopping Norte, com a presen\u00e7a de jovens e veteranos quadrinistas.<\/p>\n<p style=\"text-align: justify;\">Em 2001, o coletivo decide organizar o 1\u00ba Festival Na\u00e7\u00e3o HQ, na Escola Municipal Geraldo Teixeira da Costa, localizada na regi\u00e3o de Venda Nova. Em 2002, volta a essa escola municipal para realizar a 1\u00aa Mostra Na\u00e7\u00e3o HQ.<\/p>\n<p style=\"text-align: justify;\">Depois, a E.M. Paulo Mendes Campos, regi\u00e3o leste da cidade, recebe tr\u00eas eventos: o 2\u00ba Festival Na\u00e7\u00e3o HQ, em 2002; a 2\u00ba Mostra Na\u00e7\u00e3o HQ: Amostra Gr\u00e1tis, em 2003; o 3\u00ba Festival Na\u00e7\u00e3o HQ: Na\u00e7\u00e3o Convergente, em 2004.<\/p>\n<p style=\"text-align: justify;\">O ano de 2004 marca a funda\u00e7\u00e3o da associa\u00e7\u00e3o cultural. Em parceria com o Bahia Shopping, \u00e9 implementada a Gibiteca Na\u00e7\u00e3o HQ e acontece nesse espa\u00e7o o 4\u00ba Festival Na\u00e7\u00e3o HQ: Terra da Nostalgia. Em 2005, a Na\u00e7\u00e3o retorna \u00e0 regi\u00e3o de Venda Nova, com o evento Anime City, realizado na E.M. Geraldo Teixeira da Costa.<\/p>\n<p style=\"text-align: justify;\">A partir de 2006, a Na\u00e7\u00e3o HQ introduziu, no calend\u00e1rio cultural de Belo Horizonte, a comemora\u00e7\u00e3o do Dia do Quadrinho Nacional &#8211; 30 de janeiro, data da publica\u00e7\u00e3o de Angelo Agostini, de 1869, considerada a primeira hist\u00f3ria em quadrinhos brasileira. Em 2011, a Prefeitura de Belo Horizonte reconhece a comemora\u00e7\u00e3o, ao sancionar a lei n\u00ba 10.071\/11 e inserir a data no calend\u00e1rio oficial da capital mineira.<\/p>\n<p style=\"text-align: justify;\">Nos \u00faltimos anos, trabalhamos pela valoriza\u00e7\u00e3o da linguagem dos quadrinhos, por meio de diversos cursos e oficinas realizados em escolas, centros culturais, bibliotecas p\u00fablicas e no Festival Internacional de Quadrinhos de Belo Horizonte.<\/p>\n<p style=\"text-align: justify;\">A experi\u00eancia com oficinas foi reconhecida no edital da Lei Municipal de Incentivo \u00e0 Cultura de 2014 e o projeto de cria\u00e7\u00e3o de N\u00facleos de Quadrinhos Na\u00e7\u00e3o HQ selecionado, resultando neste projeto.<\/p>\n","protected":false},"excerpt":{"rendered":"<p>A Associa\u00e7\u00e3o Cultural Na\u00e7\u00e3o HQ \u00e9 um coletivo composto por apaixonados por quadrinhos. Al\u00e9m de atuar em publica\u00e7\u00f5es de revistas, entre os nossos objetivos est\u00e3o a pesquisa de temas ligados \u00e0s narrativas gr\u00e1ficas, a promo\u00e7\u00e3o de eventos para a valoriza\u00e7\u00e3o das hist\u00f3rias em quadrinhos e o trabalho para implanta\u00e7\u00e3o de uma pol\u00edtica de preserva\u00e7\u00e3o da [&hellip;]<\/p>\n","protected":false},"author":1,"featured_media":0,"parent":0,"menu_order":5,"comment_status":"closed","ping_status":"closed","template":"","meta":{"footnotes":""},"class_list":["post-107","page","type-page","status-publish","hentry"],"_links":{"self":[{"href":"https:\/\/nacao.net\/nucleosdequadrinhos\/wp-json\/wp\/v2\/pages\/107","targetHints":{"allow":["GET"]}}],"collection":[{"href":"https:\/\/nacao.net\/nucleosdequadrinhos\/wp-json\/wp\/v2\/pages"}],"about":[{"href":"https:\/\/nacao.net\/nucleosdequadrinhos\/wp-json\/wp\/v2\/types\/page"}],"author":[{"embeddable":true,"href":"https:\/\/nacao.net\/nucleosdequadrinhos\/wp-json\/wp\/v2\/users\/1"}],"replies":[{"embeddable":true,"href":"https:\/\/nacao.net\/nucleosdequadrinhos\/wp-json\/wp\/v2\/comments?post=107"}],"version-history":[{"count":3,"href":"https:\/\/nacao.net\/nucleosdequadrinhos\/wp-json\/wp\/v2\/pages\/107\/revisions"}],"predecessor-version":[{"id":163,"href":"https:\/\/nacao.net\/nucleosdequadrinhos\/wp-json\/wp\/v2\/pages\/107\/revisions\/163"}],"wp:attachment":[{"href":"https:\/\/nacao.net\/nucleosdequadrinhos\/wp-json\/wp\/v2\/media?parent=107"}],"curies":[{"name":"wp","href":"https:\/\/api.w.org\/{rel}","templated":true}]}}