{"id":102,"date":"2017-04-16T15:48:34","date_gmt":"2017-04-16T18:48:34","guid":{"rendered":"http:\/\/nacao.net\/nucleosdequadrinhos\/?page_id=102"},"modified":"2017-05-08T10:43:57","modified_gmt":"2017-05-08T13:43:57","slug":"sobre-os-nucleos","status":"publish","type":"page","link":"https:\/\/nacao.net\/nucleosdequadrinhos\/sobre-os-nucleos\/","title":{"rendered":"Sobre os n\u00facleos"},"content":{"rendered":"<p style=\"text-align: justify;\"><img loading=\"lazy\" decoding=\"async\" class=\"alignnone size-full wp-image-164\" src=\"http:\/\/nacao.net\/nucleosdequadrinhos\/wp-content\/uploads\/2017\/04\/nucleos-nacao-hq-13.jpg\" alt=\"\" width=\"800\" height=\"600\" srcset=\"https:\/\/nacao.net\/nucleosdequadrinhos\/wp-content\/uploads\/2017\/04\/nucleos-nacao-hq-13.jpg 800w, https:\/\/nacao.net\/nucleosdequadrinhos\/wp-content\/uploads\/2017\/04\/nucleos-nacao-hq-13-300x225.jpg 300w, https:\/\/nacao.net\/nucleosdequadrinhos\/wp-content\/uploads\/2017\/04\/nucleos-nacao-hq-13-768x576.jpg 768w, https:\/\/nacao.net\/nucleosdequadrinhos\/wp-content\/uploads\/2017\/04\/nucleos-nacao-hq-13-285x214.jpg 285w\" sizes=\"auto, (max-width: 800px) 100vw, 800px\" \/><\/p>\n<p style=\"text-align: justify;\">Os N\u00facleos de Quadrinhos foram financiados pelo edital de Incentivo \u00e0 Cultura da Funda\u00e7\u00e3o Municipal de Cultura de Belo Horizonte. As aulas aconteceram na Escola Municipal Gracy Vianna Lage, em parceria com o Centro Cultural de Venda Nova, da Regional Venda Nova; no Centro de Refer\u00eancia da Cultura Popular e Tradicional Lagoa do Nado, em parceria com a Escola Municipal L\u00eddia Ang\u00e9lica, da Regional Pampulha; e no Centro Cultural Padre Eust\u00e1quio, da Regional Noroeste.<\/p>\n<p style=\"text-align: justify;\">Os participantes tiveram suas primeiras experi\u00eancias na cria\u00e7\u00e3o de uma revista. Todo o desenvolvimento do curso foi pensado para promover a habilidade para trabalhar em equipe, como uma \u201creda\u00e7\u00e3o\u201d, com o objetivo de produzir a publica\u00e7\u00e3o final.<\/p>\n<p style=\"text-align: justify;\"><img loading=\"lazy\" decoding=\"async\" class=\"alignnone size-full wp-image-169\" src=\"http:\/\/nacao.net\/nucleosdequadrinhos\/wp-content\/uploads\/2017\/04\/nucleos-nacao-hq-5.jpg\" alt=\"\" width=\"800\" height=\"600\" srcset=\"https:\/\/nacao.net\/nucleosdequadrinhos\/wp-content\/uploads\/2017\/04\/nucleos-nacao-hq-5.jpg 800w, https:\/\/nacao.net\/nucleosdequadrinhos\/wp-content\/uploads\/2017\/04\/nucleos-nacao-hq-5-300x225.jpg 300w, https:\/\/nacao.net\/nucleosdequadrinhos\/wp-content\/uploads\/2017\/04\/nucleos-nacao-hq-5-768x576.jpg 768w, https:\/\/nacao.net\/nucleosdequadrinhos\/wp-content\/uploads\/2017\/04\/nucleos-nacao-hq-5-285x214.jpg 285w\" sizes=\"auto, (max-width: 800px) 100vw, 800px\" \/><\/p>\n<p style=\"text-align: justify;\">As aulas foram ministradas por meio de conte\u00fados te\u00f3ricos e pr\u00e1ticos. No processo de arte-final, todos foram convidados a executar uma parte da hq, por isso, voc\u00ea encontrar\u00e1 v\u00e1rios estilos de tra\u00e7os em uma mesma hist\u00f3ria.<\/p>\n<p style=\"text-align: justify;\">Cada aluno receber\u00e1 50 exemplares desta edi\u00e7\u00e3o para, se desejar, comercializar e financiar seu pr\u00f3prio fanzine, iniciando um ciclo de autonomia art\u00edstica. O projeto estimula a forma\u00e7\u00e3o de n\u00facleos capazes de manter a pr\u00f3pria produ\u00e7\u00e3o, fortalecendo o cen\u00e1rio da produ\u00e7\u00e3o independente.<\/p>\n<p style=\"text-align: justify;\"><em>N\u00facleo Lagoa do Nado<\/em><\/p>\n<p style=\"text-align: justify;\"><img loading=\"lazy\" decoding=\"async\" class=\"alignnone size-full wp-image-165\" src=\"http:\/\/nacao.net\/nucleosdequadrinhos\/wp-content\/uploads\/2017\/04\/nucleos-nacao-hq-6.jpg\" alt=\"\" width=\"800\" height=\"600\" srcset=\"https:\/\/nacao.net\/nucleosdequadrinhos\/wp-content\/uploads\/2017\/04\/nucleos-nacao-hq-6.jpg 800w, https:\/\/nacao.net\/nucleosdequadrinhos\/wp-content\/uploads\/2017\/04\/nucleos-nacao-hq-6-300x225.jpg 300w, https:\/\/nacao.net\/nucleosdequadrinhos\/wp-content\/uploads\/2017\/04\/nucleos-nacao-hq-6-768x576.jpg 768w, https:\/\/nacao.net\/nucleosdequadrinhos\/wp-content\/uploads\/2017\/04\/nucleos-nacao-hq-6-285x214.jpg 285w\" sizes=\"auto, (max-width: 800px) 100vw, 800px\" \/><\/p>\n<p style=\"text-align: justify;\"><em>N\u00facleo Venda Nova<\/em><\/p>\n<p style=\"text-align: justify;\"><img loading=\"lazy\" decoding=\"async\" class=\"alignnone size-full wp-image-167\" src=\"http:\/\/nacao.net\/nucleosdequadrinhos\/wp-content\/uploads\/2017\/04\/nucleos-nacao-hq-4.jpg\" alt=\"\" width=\"800\" height=\"600\" srcset=\"https:\/\/nacao.net\/nucleosdequadrinhos\/wp-content\/uploads\/2017\/04\/nucleos-nacao-hq-4.jpg 800w, https:\/\/nacao.net\/nucleosdequadrinhos\/wp-content\/uploads\/2017\/04\/nucleos-nacao-hq-4-300x225.jpg 300w, https:\/\/nacao.net\/nucleosdequadrinhos\/wp-content\/uploads\/2017\/04\/nucleos-nacao-hq-4-768x576.jpg 768w, https:\/\/nacao.net\/nucleosdequadrinhos\/wp-content\/uploads\/2017\/04\/nucleos-nacao-hq-4-285x214.jpg 285w\" sizes=\"auto, (max-width: 800px) 100vw, 800px\" \/><\/p>\n<p style=\"text-align: justify;\"><em>N\u00facleo Padre Eust\u00e1quio<\/em><\/p>\n<p style=\"text-align: justify;\"><img loading=\"lazy\" decoding=\"async\" class=\"alignnone size-full wp-image-168\" src=\"http:\/\/nacao.net\/nucleosdequadrinhos\/wp-content\/uploads\/2017\/04\/nucleos-nacao-hq-18.jpg\" alt=\"\" width=\"800\" height=\"600\" srcset=\"https:\/\/nacao.net\/nucleosdequadrinhos\/wp-content\/uploads\/2017\/04\/nucleos-nacao-hq-18.jpg 800w, https:\/\/nacao.net\/nucleosdequadrinhos\/wp-content\/uploads\/2017\/04\/nucleos-nacao-hq-18-300x225.jpg 300w, https:\/\/nacao.net\/nucleosdequadrinhos\/wp-content\/uploads\/2017\/04\/nucleos-nacao-hq-18-768x576.jpg 768w, https:\/\/nacao.net\/nucleosdequadrinhos\/wp-content\/uploads\/2017\/04\/nucleos-nacao-hq-18-285x214.jpg 285w\" sizes=\"auto, (max-width: 800px) 100vw, 800px\" \/><\/p>\n","protected":false},"excerpt":{"rendered":"<p>Os N\u00facleos de Quadrinhos foram financiados pelo edital de Incentivo \u00e0 Cultura da Funda\u00e7\u00e3o Municipal de Cultura de Belo Horizonte. As aulas aconteceram na Escola Municipal Gracy Vianna Lage, em parceria com o Centro Cultural de Venda Nova, da Regional Venda Nova; no Centro de Refer\u00eancia da Cultura Popular e Tradicional Lagoa do Nado, em [&hellip;]<\/p>\n","protected":false},"author":1,"featured_media":0,"parent":0,"menu_order":3,"comment_status":"closed","ping_status":"closed","template":"","meta":{"footnotes":""},"class_list":["post-102","page","type-page","status-publish","hentry"],"_links":{"self":[{"href":"https:\/\/nacao.net\/nucleosdequadrinhos\/wp-json\/wp\/v2\/pages\/102","targetHints":{"allow":["GET"]}}],"collection":[{"href":"https:\/\/nacao.net\/nucleosdequadrinhos\/wp-json\/wp\/v2\/pages"}],"about":[{"href":"https:\/\/nacao.net\/nucleosdequadrinhos\/wp-json\/wp\/v2\/types\/page"}],"author":[{"embeddable":true,"href":"https:\/\/nacao.net\/nucleosdequadrinhos\/wp-json\/wp\/v2\/users\/1"}],"replies":[{"embeddable":true,"href":"https:\/\/nacao.net\/nucleosdequadrinhos\/wp-json\/wp\/v2\/comments?post=102"}],"version-history":[{"count":3,"href":"https:\/\/nacao.net\/nucleosdequadrinhos\/wp-json\/wp\/v2\/pages\/102\/revisions"}],"predecessor-version":[{"id":170,"href":"https:\/\/nacao.net\/nucleosdequadrinhos\/wp-json\/wp\/v2\/pages\/102\/revisions\/170"}],"wp:attachment":[{"href":"https:\/\/nacao.net\/nucleosdequadrinhos\/wp-json\/wp\/v2\/media?parent=102"}],"curies":[{"name":"wp","href":"https:\/\/api.w.org\/{rel}","templated":true}]}}