{"id":100,"date":"2017-04-16T15:47:25","date_gmt":"2017-04-16T18:47:25","guid":{"rendered":"http:\/\/nacao.net\/nucleosdequadrinhos\/?page_id=100"},"modified":"2017-05-08T10:19:55","modified_gmt":"2017-05-08T13:19:55","slug":"o-projeto","status":"publish","type":"page","link":"https:\/\/nacao.net\/nucleosdequadrinhos\/","title":{"rendered":"O projeto"},"content":{"rendered":"<p style=\"text-align: justify;\"><img loading=\"lazy\" decoding=\"async\" class=\"alignnone size-full wp-image-158\" src=\"http:\/\/nacao.net\/nucleosdequadrinhos\/wp-content\/uploads\/2017\/04\/produzir.png\" alt=\"\" width=\"1075\" height=\"602\" srcset=\"https:\/\/nacao.net\/nucleosdequadrinhos\/wp-content\/uploads\/2017\/04\/produzir.png 1075w, https:\/\/nacao.net\/nucleosdequadrinhos\/wp-content\/uploads\/2017\/04\/produzir-300x168.png 300w, https:\/\/nacao.net\/nucleosdequadrinhos\/wp-content\/uploads\/2017\/04\/produzir-768x430.png 768w, https:\/\/nacao.net\/nucleosdequadrinhos\/wp-content\/uploads\/2017\/04\/produzir-1024x573.png 1024w\" sizes=\"auto, (max-width: 1075px) 100vw, 1075px\" \/><\/p>\n<p style=\"text-align: justify;\">SOBRE QUADRINHOS, DID\u00c1TICA E DIVERSIDADE<\/p>\n<p style=\"text-align: justify;\">As hist\u00f3rias em quadrinhos t\u00eam se mostrado uma atrativa e acess\u00edvel forma de express\u00e3o cultural. Com sua linguagem \u00e1gil e leve, \u00e9 poss\u00edvel abordar tem\u00e1ticas variadas, utilizando a uni\u00e3o entre as artes visuais e a literatura.<\/p>\n<p style=\"text-align: justify;\">Sem que o dom\u00ednio do contexto ou das estruturas narrativas imponham-se como pr\u00e9-requisitos intimidadores, o leitor \u00e9 estimulado a entender arqu\u00e9tipos, tecer expectativas, compartilhar as reflex\u00f5es do autor, questionar a situa\u00e7\u00e3o pol\u00edtica de seu pa\u00eds ou, simplesmente, ler sobre ela.<\/p>\n<p>Sendo assim, parece interessante que mais cotidianos e experi\u00eancias de vida possam ser retratadas nas hist\u00f3rias em quadrinhos? Seria desej\u00e1vel, inclusive para o mercado j\u00e1 estabelecido das hqs, que as produ\u00e7\u00f5es se tornem cada vez mais democr\u00e1ticas, acess\u00edveis e plurais?<\/p>\n<p style=\"text-align: justify;\">A recente facilidade de se tornar um produtor de conte\u00fado e o maior alcance possibilitado pela dissemina\u00e7\u00e3o na internet contribuem para isso, claro. Mas ainda \u00e9 preciso remover um degrau: o conceito de que quadrinistas s\u00e3o pessoas raras, com talento e t\u00e9cnicas extraordin\u00e1rios, e n\u00e3o pessoas com hist\u00f3rias para contar.<br \/>\nAs hist\u00f3rias em quadrinhos comunicam ideias em uma linguagem que se vale da experi\u00eancia visual comum ao autor e seu p\u00fablico. Segundo Will Eisner, no seu livro Quadrinhos e Arte Sequencial, as hist\u00f3rias em quadrinhos t\u00eam como caracter\u00edstica ser \u201cum ve\u00edculo de express\u00e3o criativa, uma disciplina distinta, uma forma art\u00edstica e liter\u00e1ria que lida com a disposi\u00e7\u00e3o de figuras, imagens e palavras para narrar uma hist\u00f3ria ou dramatizar uma ideia.\u201d<\/p>\n<p>Voc\u00ea, talvez, argumente que Eisner era um desenhista monstruoso, inserido num mercado j\u00e1 estabelecido, que desejava consumir o que ele produzia. E voc\u00ea estar\u00e1 certo em sua observa\u00e7\u00e3o!<\/p>\n<p style=\"text-align: justify;\">\u00c9 \u00f3bvio que n\u00f3s, iniciados no gosto e na produ\u00e7\u00e3o das hist\u00f3rias em quadrinhos, esperamos que muitas das conven\u00e7\u00f5es (de arte, de narrativa\u2026) sejam respeitadas, como nas grandes hist\u00f3rias e pelos grandes artistas que nos fascinaram, quando fomos convencidos a ler quadrinhos.<\/p>\n<p style=\"text-align: justify;\">Mas n\u00e3o devemos deixar que isso impe\u00e7a que \u201calgo fora dos trilhos\u201d surja e, talvez, tenha a chance de amadurecer e encontrar seu lugar entre os \u201cquadrinhos que valem a pena\u201d.<\/p>\n<p style=\"text-align: justify;\">Para que isso aconte\u00e7a, devemos ir atr\u00e1s de ideias e contadores de hist\u00f3rias. E foi tentando munir n\u00e3o iniciados das ferramentas adequadas, para nos brindarem com suas narrativas e novos vieses, que os N\u00facleos de Quadrinhos Na\u00e7\u00e3o HQ foram idealizados.<\/p>\n<p style=\"text-align: justify;\">Mas, n\u00e3o se iluda, mesmo quando nosso objetivo for \u201cextrapolar as conven\u00e7\u00f5es\u201d, conven\u00e7\u00f5es e regras ainda acompanhar\u00e3o o processo de aprendizado dos n\u00facleos.<\/p>\n<p style=\"text-align: justify;\">Um passo de cada vez, contudo.<\/p>\n","protected":false},"excerpt":{"rendered":"<p>SOBRE QUADRINHOS, DID\u00c1TICA E DIVERSIDADE As hist\u00f3rias em quadrinhos t\u00eam se mostrado uma atrativa e acess\u00edvel forma de express\u00e3o cultural. Com sua linguagem \u00e1gil e leve, \u00e9 poss\u00edvel abordar tem\u00e1ticas variadas, utilizando a uni\u00e3o entre as artes visuais e a literatura. Sem que o dom\u00ednio do contexto ou das estruturas narrativas imponham-se como pr\u00e9-requisitos intimidadores, [&hellip;]<\/p>\n","protected":false},"author":1,"featured_media":0,"parent":0,"menu_order":2,"comment_status":"closed","ping_status":"closed","template":"","meta":{"footnotes":""},"class_list":["post-100","page","type-page","status-publish","hentry"],"_links":{"self":[{"href":"https:\/\/nacao.net\/nucleosdequadrinhos\/wp-json\/wp\/v2\/pages\/100","targetHints":{"allow":["GET"]}}],"collection":[{"href":"https:\/\/nacao.net\/nucleosdequadrinhos\/wp-json\/wp\/v2\/pages"}],"about":[{"href":"https:\/\/nacao.net\/nucleosdequadrinhos\/wp-json\/wp\/v2\/types\/page"}],"author":[{"embeddable":true,"href":"https:\/\/nacao.net\/nucleosdequadrinhos\/wp-json\/wp\/v2\/users\/1"}],"replies":[{"embeddable":true,"href":"https:\/\/nacao.net\/nucleosdequadrinhos\/wp-json\/wp\/v2\/comments?post=100"}],"version-history":[{"count":3,"href":"https:\/\/nacao.net\/nucleosdequadrinhos\/wp-json\/wp\/v2\/pages\/100\/revisions"}],"predecessor-version":[{"id":156,"href":"https:\/\/nacao.net\/nucleosdequadrinhos\/wp-json\/wp\/v2\/pages\/100\/revisions\/156"}],"wp:attachment":[{"href":"https:\/\/nacao.net\/nucleosdequadrinhos\/wp-json\/wp\/v2\/media?parent=100"}],"curies":[{"name":"wp","href":"https:\/\/api.w.org\/{rel}","templated":true}]}}